{"id":6449,"date":"2021-12-29T08:51:09","date_gmt":"2021-12-29T07:51:09","guid":{"rendered":"https:\/\/www.vanessaestorach.com\/politica-de-cookies-2\/"},"modified":"2021-12-29T08:51:09","modified_gmt":"2021-12-29T07:51:09","slug":"politica-de-cookies-2","status":"publish","type":"page","link":"https:\/\/www.vanessaestorach.com\/en\/politica-de-cookies-2\/","title":{"rendered":"Pol\u00edtica de cookies"},"content":{"rendered":"<p>Las cookies son peque\u00f1as cantidades de informaci\u00f3n que se almacenan en el navegador utilizado por cada usuario para que el servidor recuerde cierta informaci\u00f3n que posteriormente pueda utilizar.<\/p>\n<p><strong>TIPOS DE COOKIES QUE UTILIZAMOS<\/strong><\/p>\n<p>Esta p\u00e1gina web utiliza cookies de terceros que son aquellas que se env\u00edan a tu ordenador o terminal desde un dominio o una p\u00e1gina web que no es gestionada por nosotros, sino por otra entidad que trata los datos obtenidos a trav\u00e9s de las cookies.<\/p>\n<p>En este caso las Cookies son utilizadas con fines estad\u00edsticos relacionados con las visitas que recibe y las p\u00e1ginas que se consultan, quedando aceptado su uso al navegar por ella.<\/p>\n<table width=\"452\">\n<tbody>\n<tr>\n<td width=\"116\"><strong>COOKIE<br \/>\n(Y PROVEEDOR)<\/strong><\/td>\n<td width=\"104\"><strong>DURACI\u00d3N<\/strong><\/td>\n<td width=\"232\"><strong>DESCRIPCION<\/strong><\/td>\n<\/tr>\n<tr>\n<td width=\"116\">__cfduid (notin.es)<\/td>\n<td width=\"104\">Sesi\u00f3n<\/td>\n<td width=\"232\">Publicidad<\/td>\n<\/tr>\n<tr>\n<td width=\"116\"><\/td>\n<td width=\"104\"><\/td>\n<td width=\"232\"><\/td>\n<\/tr>\n<tr>\n<td width=\"116\"><\/td>\n<td width=\"104\"><\/td>\n<td width=\"232\"><\/td>\n<\/tr>\n<tr>\n<td width=\"116\">_ga (Google)<\/td>\n<td width=\"104\">2 a\u00f1os<\/td>\n<td width=\"232\">Se usa para distinguir a los usuarios<\/td>\n<\/tr>\n<tr>\n<td width=\"116\">_gid (Google)<\/td>\n<td width=\"104\">24 horas<\/td>\n<td width=\"232\">Se usa para distinguir a los usuarios<\/td>\n<\/tr>\n<tr>\n<td width=\"116\">_gat (Google)<\/td>\n<td width=\"104\">1 minuto<\/td>\n<td width=\"232\">Se usa para limitar el porcentaje de solicitudes. Si has implementado Google Analytics mediante Google\u00a0Tag\u00a0Manager, esta cookie se llamar\u00e1 _dc_gtm_&lt;property-id&gt;.<\/td>\n<\/tr>\n<tr>\n<td width=\"116\">_gali (Google)<\/td>\n<td width=\"104\">30s<\/td>\n<td width=\"232\">Atribuci\u00f3n de enlace mejorada.<\/td>\n<\/tr>\n<tr>\n<td width=\"116\">_unam (SHARETHIS)<\/td>\n<td width=\"104\">Persistente<\/td>\n<td width=\"232\">Su finalidad es cuantificar el n\u00famero de Usuarios que comparten un determinado contenido y cu\u00e1ntas p\u00e1ginas web son visitadas a ra\u00edz de esa acci\u00f3n.<\/td>\n<\/tr>\n<tr>\n<td width=\"116\">WordPress<\/td>\n<td width=\"104\">2 a\u00f1os<\/td>\n<td width=\"232\">Utilizado para el correcto funcionamiento del gestor de contenido WordPress.<\/td>\n<\/tr>\n<tr>\n<td width=\"116\"><\/td>\n<td width=\"104\"><\/td>\n<td width=\"232\"><\/td>\n<\/tr>\n<\/tbody>\n<\/table>\n<p>&nbsp;<\/p>\n<p>Si desea m\u00e1s informaci\u00f3n m\u00e1s sobre los tipos de cookies de seguimiento y an\u00e1lisis de datos de Google\u00a0haga\u00a0<a href=\"https:\/\/policies.google.com\/technologies\/cookies?hl=es&amp;gl=es#types-of-cookies\" target=\"_blank\" rel=\"noopener\">clic aqu\u00ed.<\/a><\/p>\n<p>Para informarse sobre c\u00f3mo eliminar las cookies de su explorador:<\/p>\n<ul>\n<li><a href=\"https:\/\/support.mozilla.org\/es\/kb\/habilitar-y-deshabilitar-cookies-sitios-web-rastrear-preferencias\" target=\"_blank\" rel=\"noopener\">Firefox<\/a><\/li>\n<li><a href=\"https:\/\/support.google.com\/chrome\/answer\/95647?hl=es\" target=\"_blank\" rel=\"noopener\">Chrome<\/a><\/li>\n<li><a href=\"https:\/\/support.microsoft.com\/es-es\/topic\/eliminar-y-administrar-cookies-168dab11-0753-043d-7c16-ede5947fc64d\" target=\"_blank\" rel=\"noopener\">Internet Explorer<\/a><\/li>\n<li><a href=\"https:\/\/support.apple.com\/kb\/PH19214?viewlocale=es_ES&amp;locale=es_ES\" target=\"_blank\" rel=\"noopener\">Safari<\/a><\/li>\n<li><a href=\"https:\/\/www.allaboutcookies.org\/es\/administrar-las-cookies\/opera.html\" target=\"_blank\" rel=\"noopener\">Opera<\/a><\/li>\n<\/ul>\n","protected":false},"excerpt":{"rendered":"<p>Las cookies son peque\u00f1as cantidades de informaci\u00f3n que se almacenan en el navegador utilizado por cada usuario para que el servidor recuerde cierta informaci\u00f3n que posteriormente pueda utilizar. TIPOS DE COOKIES QUE UTILIZAMOS Esta p\u00e1gina web utiliza cookies de terceros que son aquellas que se env\u00edan a tu ordenador o terminal desde un dominio o&#8230;<\/p>\n","protected":false},"author":10,"featured_media":0,"parent":0,"menu_order":0,"comment_status":"closed","ping_status":"closed","template":"","meta":{"_acf_changed":false,"footnotes":""},"class_list":["post-6449","page","type-page","status-publish","hentry"],"acf":[],"yoast_head":"<!-- This site is optimized with the Yoast SEO plugin v26.6 - https:\/\/yoast.com\/wordpress\/plugins\/seo\/ -->\n<title>Pol\u00edtica de cookies - Vanessa Estorach<\/title>\n<meta name=\"robots\" content=\"index, follow, max-snippet:-1, max-image-preview:large, max-video-preview:-1\" \/>\n<link rel=\"canonical\" href=\"https:\/\/www.vanessaestorach.com\/en\/politica-de-cookies-2\/\" \/>\n<meta property=\"og:locale\" content=\"en_US\" \/>\n<meta property=\"og:type\" content=\"article\" \/>\n<meta property=\"og:title\" content=\"Pol\u00edtica de cookies - Vanessa Estorach\" \/>\n<meta property=\"og:description\" content=\"Las cookies son peque\u00f1as cantidades de informaci\u00f3n que se almacenan en el navegador utilizado por cada usuario para que el servidor recuerde cierta informaci\u00f3n que posteriormente pueda utilizar. TIPOS DE COOKIES QUE UTILIZAMOS Esta p\u00e1gina web utiliza cookies de terceros que son aquellas que se env\u00edan a tu ordenador o terminal desde un dominio o...\" \/>\n<meta property=\"og:url\" content=\"https:\/\/www.vanessaestorach.com\/en\/politica-de-cookies-2\/\" \/>\n<meta property=\"og:site_name\" content=\"Vanessa Estorach\" \/>\n<meta name=\"twitter:label1\" content=\"Est. reading time\" \/>\n\t<meta name=\"twitter:data1\" content=\"1 minute\" \/>\n<script type=\"application\/ld+json\" class=\"yoast-schema-graph\">{\"@context\":\"https:\/\/schema.org\",\"@graph\":[{\"@type\":\"WebPage\",\"@id\":\"https:\/\/www.vanessaestorach.com\/en\/politica-de-cookies-2\/\",\"url\":\"https:\/\/www.vanessaestorach.com\/en\/politica-de-cookies-2\/\",\"name\":\"Pol\u00edtica de cookies - Vanessa Estorach\",\"isPartOf\":{\"@id\":\"https:\/\/www.vanessaestorach.com\/#website\"},\"datePublished\":\"2021-12-29T07:51:09+00:00\",\"breadcrumb\":{\"@id\":\"https:\/\/www.vanessaestorach.com\/en\/politica-de-cookies-2\/#breadcrumb\"},\"inLanguage\":\"en-US\",\"potentialAction\":[{\"@type\":\"ReadAction\",\"target\":[\"https:\/\/www.vanessaestorach.com\/en\/politica-de-cookies-2\/\"]}]},{\"@type\":\"BreadcrumbList\",\"@id\":\"https:\/\/www.vanessaestorach.com\/en\/politica-de-cookies-2\/#breadcrumb\",\"itemListElement\":[{\"@type\":\"ListItem\",\"position\":1,\"name\":\"Portada\",\"item\":\"https:\/\/www.vanessaestorach.com\/en\/\"},{\"@type\":\"ListItem\",\"position\":2,\"name\":\"Pol\u00edtica de cookies\"}]},{\"@type\":\"WebSite\",\"@id\":\"https:\/\/www.vanessaestorach.com\/#website\",\"url\":\"https:\/\/www.vanessaestorach.com\/\",\"name\":\"Vanessa Estorach\",\"description\":\"\",\"publisher\":{\"@id\":\"https:\/\/www.vanessaestorach.com\/#organization\"},\"potentialAction\":[{\"@type\":\"SearchAction\",\"target\":{\"@type\":\"EntryPoint\",\"urlTemplate\":\"https:\/\/www.vanessaestorach.com\/?s={search_term_string}\"},\"query-input\":{\"@type\":\"PropertyValueSpecification\",\"valueRequired\":true,\"valueName\":\"search_term_string\"}}],\"inLanguage\":\"en-US\"},{\"@type\":\"Organization\",\"@id\":\"https:\/\/www.vanessaestorach.com\/#organization\",\"name\":\"Vanessa Estorach\",\"url\":\"https:\/\/www.vanessaestorach.com\/\",\"logo\":{\"@type\":\"ImageObject\",\"inLanguage\":\"en-US\",\"@id\":\"https:\/\/www.vanessaestorach.com\/#\/schema\/logo\/image\/\",\"url\":\"https:\/\/www.vanessaestorach.com\/wp-content\/uploads\/2018\/11\/cropped-vestorach-imagotip_COLOR.png\",\"contentUrl\":\"https:\/\/www.vanessaestorach.com\/wp-content\/uploads\/2018\/11\/cropped-vestorach-imagotip_COLOR.png\",\"width\":995,\"height\":995,\"caption\":\"Vanessa Estorach\"},\"image\":{\"@id\":\"https:\/\/www.vanessaestorach.com\/#\/schema\/logo\/image\/\"}}]}<\/script>\n<!-- \/ Yoast SEO plugin. -->","yoast_head_json":{"title":"Pol\u00edtica de cookies - Vanessa Estorach","robots":{"index":"index","follow":"follow","max-snippet":"max-snippet:-1","max-image-preview":"max-image-preview:large","max-video-preview":"max-video-preview:-1"},"canonical":"https:\/\/www.vanessaestorach.com\/en\/politica-de-cookies-2\/","og_locale":"en_US","og_type":"article","og_title":"Pol\u00edtica de cookies - Vanessa Estorach","og_description":"Las cookies son peque\u00f1as cantidades de informaci\u00f3n que se almacenan en el navegador utilizado por cada usuario para que el servidor recuerde cierta informaci\u00f3n que posteriormente pueda utilizar. TIPOS DE COOKIES QUE UTILIZAMOS Esta p\u00e1gina web utiliza cookies de terceros que son aquellas que se env\u00edan a tu ordenador o terminal desde un dominio o...","og_url":"https:\/\/www.vanessaestorach.com\/en\/politica-de-cookies-2\/","og_site_name":"Vanessa Estorach","twitter_misc":{"Est. reading time":"1 minute"},"schema":{"@context":"https:\/\/schema.org","@graph":[{"@type":"WebPage","@id":"https:\/\/www.vanessaestorach.com\/en\/politica-de-cookies-2\/","url":"https:\/\/www.vanessaestorach.com\/en\/politica-de-cookies-2\/","name":"Pol\u00edtica de cookies - Vanessa Estorach","isPartOf":{"@id":"https:\/\/www.vanessaestorach.com\/#website"},"datePublished":"2021-12-29T07:51:09+00:00","breadcrumb":{"@id":"https:\/\/www.vanessaestorach.com\/en\/politica-de-cookies-2\/#breadcrumb"},"inLanguage":"en-US","potentialAction":[{"@type":"ReadAction","target":["https:\/\/www.vanessaestorach.com\/en\/politica-de-cookies-2\/"]}]},{"@type":"BreadcrumbList","@id":"https:\/\/www.vanessaestorach.com\/en\/politica-de-cookies-2\/#breadcrumb","itemListElement":[{"@type":"ListItem","position":1,"name":"Portada","item":"https:\/\/www.vanessaestorach.com\/en\/"},{"@type":"ListItem","position":2,"name":"Pol\u00edtica de cookies"}]},{"@type":"WebSite","@id":"https:\/\/www.vanessaestorach.com\/#website","url":"https:\/\/www.vanessaestorach.com\/","name":"Vanessa Estorach","description":"","publisher":{"@id":"https:\/\/www.vanessaestorach.com\/#organization"},"potentialAction":[{"@type":"SearchAction","target":{"@type":"EntryPoint","urlTemplate":"https:\/\/www.vanessaestorach.com\/?s={search_term_string}"},"query-input":{"@type":"PropertyValueSpecification","valueRequired":true,"valueName":"search_term_string"}}],"inLanguage":"en-US"},{"@type":"Organization","@id":"https:\/\/www.vanessaestorach.com\/#organization","name":"Vanessa Estorach","url":"https:\/\/www.vanessaestorach.com\/","logo":{"@type":"ImageObject","inLanguage":"en-US","@id":"https:\/\/www.vanessaestorach.com\/#\/schema\/logo\/image\/","url":"https:\/\/www.vanessaestorach.com\/wp-content\/uploads\/2018\/11\/cropped-vestorach-imagotip_COLOR.png","contentUrl":"https:\/\/www.vanessaestorach.com\/wp-content\/uploads\/2018\/11\/cropped-vestorach-imagotip_COLOR.png","width":995,"height":995,"caption":"Vanessa Estorach"},"image":{"@id":"https:\/\/www.vanessaestorach.com\/#\/schema\/logo\/image\/"}}]}},"_links":{"self":[{"href":"https:\/\/www.vanessaestorach.com\/en\/wp-json\/wp\/v2\/pages\/6449","targetHints":{"allow":["GET"]}}],"collection":[{"href":"https:\/\/www.vanessaestorach.com\/en\/wp-json\/wp\/v2\/pages"}],"about":[{"href":"https:\/\/www.vanessaestorach.com\/en\/wp-json\/wp\/v2\/types\/page"}],"author":[{"embeddable":true,"href":"https:\/\/www.vanessaestorach.com\/en\/wp-json\/wp\/v2\/users\/10"}],"replies":[{"embeddable":true,"href":"https:\/\/www.vanessaestorach.com\/en\/wp-json\/wp\/v2\/comments?post=6449"}],"version-history":[{"count":0,"href":"https:\/\/www.vanessaestorach.com\/en\/wp-json\/wp\/v2\/pages\/6449\/revisions"}],"wp:attachment":[{"href":"https:\/\/www.vanessaestorach.com\/en\/wp-json\/wp\/v2\/media?parent=6449"}],"curies":[{"name":"wp","href":"https:\/\/api.w.org\/{rel}","templated":true}]}}